{"id":3140,"date":"2024-04-12T11:35:44","date_gmt":"2024-04-12T09:35:44","guid":{"rendered":"https:\/\/www.kidiwow.com\/terms-of-use\/"},"modified":"2024-08-10T11:18:43","modified_gmt":"2024-08-10T09:18:43","slug":"terms-of-use","status":"publish","type":"page","link":"https:\/\/www.kidiwow.com\/en\/terms-of-use\/","title":{"rendered":"Terms of use"},"content":{"rendered":"\t\t<div data-elementor-type=\"wp-page\" data-elementor-id=\"3140\" class=\"elementor elementor-3140 elementor-22\" data-elementor-post-type=\"page\">\n\t\t\t\t<div class=\"elementor-element elementor-element-423c6ab e-flex e-con-boxed e-con e-parent\" data-id=\"423c6ab\" data-element_type=\"container\" data-e-type=\"container\" data-settings=\"{&quot;background_background&quot;:&quot;classic&quot;}\">\n\t\t\t\t\t<div class=\"e-con-inner\">\n\t\t<div class=\"elementor-element elementor-element-a694464 e-con-full e-flex e-con e-child\" data-id=\"a694464\" data-element_type=\"container\" data-e-type=\"container\" data-settings=\"{&quot;motion_fx_motion_fx_scrolling&quot;:&quot;yes&quot;,&quot;motion_fx_translateY_effect&quot;:&quot;yes&quot;,&quot;motion_fx_translateY_speed&quot;:{&quot;unit&quot;:&quot;px&quot;,&quot;size&quot;:2,&quot;sizes&quot;:[]},&quot;motion_fx_translateY_affectedRange&quot;:{&quot;unit&quot;:&quot;%&quot;,&quot;size&quot;:&quot;&quot;,&quot;sizes&quot;:{&quot;start&quot;:0,&quot;end&quot;:100}},&quot;motion_fx_devices&quot;:[&quot;desktop&quot;,&quot;tablet&quot;,&quot;mobile&quot;]}\">\n\t\t\t\t<div class=\"elementor-element elementor-element-8e285cd elementor-widget elementor-widget-heading\" data-id=\"8e285cd\" data-element_type=\"widget\" data-e-type=\"widget\" data-widget_type=\"heading.default\">\n\t\t\t\t<div class=\"elementor-widget-container\">\n\t\t\t\t\t<h1 class=\"elementor-heading-title elementor-size-default\">Mentions l\u00e9gales<\/h1>\t\t\t\t<\/div>\n\t\t\t\t<\/div>\n\t\t\t\t<div class=\"elementor-element elementor-element-3a61c42 elementor-widget__width-initial elementor-widget elementor-widget-text-editor\" data-id=\"3a61c42\" data-element_type=\"widget\" data-e-type=\"widget\" data-widget_type=\"text-editor.default\">\n\t\t\t\t<div class=\"elementor-widget-container\">\n\t\t\t\t\t\t\t\t\t<p style=\"line-height: 27.2px; margin: 0px 0px 24px; font-family: ProximaNova, 'Proxima Nova', Montserrat, sans-serif; color: #575756;\">\u00a0<\/p>\n<ul style=\"list-style-position: inside; list-style-image: none; margin: 0px 0px 20px; padding: 0px; line-height: 25.6px; color: #575756; font-family: ProximaNova, 'Proxima Nova', Montserrat, sans-serif; font-size: 16px; background-color: #ffffff;\">\n<li>Site : <a href=\"https:\/\/www.kidiwow.com\">kidiwow.com<\/a><\/li>\n<li>\u00c9diteur (ci-apr\u00e8s \u00ab l\u2019Editeur \u00bb) : Kidiwow immatricul\u00e9e au RCS de Paris sous le num\u00e9ro &#8230;&#8230;&#8230;., dont le si\u00e8ge social est situ\u00e9 77 Avenue Faidherbe 92600 Asni\u00e8res-sur-Seine<\/li>\n<li>Adresse de courrier \u00e9lectronique :\u00a0<a style=\"color: #007183; transition: all 0.2s ease-in-out 0s; outline: none !important;\" href=\"mailto:contact@kidiwow.com\">contact@kidiwow.com<\/a><\/li>\n<li>Directeur de la publication : Madame Aline SEVILLANO<\/li>\n<li>Adresse postale : 77 Avenue Faidherbe 92600 Asni\u00e8res-sur-Seine<\/li>\n<li>H\u00e9bergeur (ci-apr\u00e8s \u00ab l\u2019H\u00e9bergeur \u00bb) : OVH, soci\u00e9t\u00e9 immatricul\u00e9e au RCS de Lille sous le num\u00e9ro 537 407 926 sise<\/li>\n<li>Adresse : 2, rue Kellerman BP 80157 59100 Roubaix<\/li>\n<li>Num\u00e9ro de t\u00e9l\u00e9phone international : 09.72.10.10.07<\/li>\n<\/ul>\n\t\t\t\t\t\t\t\t<\/div>\n\t\t\t\t<\/div>\n\t\t\t\t<\/div>\n\t\t\t\t\t<\/div>\n\t\t\t\t<\/div>\n\t\t\t\t<\/div>\n\t\t","protected":false},"excerpt":{"rendered":"<p>Mentions l\u00e9gales \u00a0 Site : kidiwow.com \u00c9diteur (ci-apr\u00e8s \u00ab l\u2019Editeur \u00bb) : Kidiwow immatricul\u00e9e au RCS de Paris sous le num\u00e9ro &#8230;&#8230;&#8230;., dont le si\u00e8ge social est situ\u00e9 77 Avenue Faidherbe 92600 Asni\u00e8res-sur-Seine Adresse de courrier \u00e9lectronique :\u00a0contact@kidiwow.com Directeur de la publication : Madame Aline SEVILLANO Adresse postale : 77 Avenue Faidherbe 92600 Asni\u00e8res-sur-Seine H\u00e9bergeur [&hellip;]<\/p>\n","protected":false},"author":1,"featured_media":0,"parent":0,"menu_order":0,"comment_status":"closed","ping_status":"closed","template":"","meta":{"_acf_changed":false,"_glsr_average":0,"_glsr_ranking":0,"_glsr_reviews":0,"footnotes":""},"class_list":["post-3140","page","type-page","status-publish","hentry"],"acf":[],"_links":{"self":[{"href":"https:\/\/www.kidiwow.com\/en\/wp-json\/wp\/v2\/pages\/3140","targetHints":{"allow":["GET"]}}],"collection":[{"href":"https:\/\/www.kidiwow.com\/en\/wp-json\/wp\/v2\/pages"}],"about":[{"href":"https:\/\/www.kidiwow.com\/en\/wp-json\/wp\/v2\/types\/page"}],"author":[{"embeddable":true,"href":"https:\/\/www.kidiwow.com\/en\/wp-json\/wp\/v2\/users\/1"}],"replies":[{"embeddable":true,"href":"https:\/\/www.kidiwow.com\/en\/wp-json\/wp\/v2\/comments?post=3140"}],"version-history":[{"count":4,"href":"https:\/\/www.kidiwow.com\/en\/wp-json\/wp\/v2\/pages\/3140\/revisions"}],"predecessor-version":[{"id":4351,"href":"https:\/\/www.kidiwow.com\/en\/wp-json\/wp\/v2\/pages\/3140\/revisions\/4351"}],"wp:attachment":[{"href":"https:\/\/www.kidiwow.com\/en\/wp-json\/wp\/v2\/media?parent=3140"}],"curies":[{"name":"wp","href":"https:\/\/api.w.org\/{rel}","templated":true}]}}