{"id":3151,"date":"2024-04-25T11:51:29","date_gmt":"2024-04-25T09:51:29","guid":{"rendered":"https:\/\/www.kidiwow.com\/newsletter\/"},"modified":"2024-08-13T15:18:59","modified_gmt":"2024-08-13T13:18:59","slug":"newsletter","status":"publish","type":"page","link":"https:\/\/www.kidiwow.com\/en\/newsletter\/","title":{"rendered":"Newsletter"},"content":{"rendered":"\t\t<div data-elementor-type=\"wp-page\" data-elementor-id=\"3151\" class=\"elementor elementor-3151 elementor-92\" data-elementor-post-type=\"page\">\n\t\t\t\t<div class=\"elementor-element elementor-element-3aa1a03 e-flex e-con-boxed e-con e-parent\" data-id=\"3aa1a03\" data-element_type=\"container\" data-e-type=\"container\" data-settings=\"{&quot;background_background&quot;:&quot;classic&quot;,&quot;background_motion_fx_motion_fx_mouse&quot;:&quot;yes&quot;,&quot;background_motion_fx_mouseTrack_effect&quot;:&quot;yes&quot;,&quot;shape_divider_bottom&quot;:&quot;opacity-tilt&quot;,&quot;background_motion_fx_mouseTrack_speed&quot;:{&quot;unit&quot;:&quot;px&quot;,&quot;size&quot;:1,&quot;sizes&quot;:[]}}\">\n\t\t\t\t\t<div class=\"e-con-inner\">\n\t\t\t\t<div class=\"elementor-shape elementor-shape-bottom\" aria-hidden=\"true\" data-negative=\"false\">\n\t\t\t<svg xmlns=\"http:\/\/www.w3.org\/2000\/svg\" viewBox=\"0 0 2600 131.1\" preserveAspectRatio=\"none\">\n\t<path class=\"elementor-shape-fill\" d=\"M0 0L2600 0 2600 69.1 0 0z\"\/>\n\t<path class=\"elementor-shape-fill\" style=\"opacity:0.5\" d=\"M0 0L2600 0 2600 69.1 0 69.1z\"\/>\n\t<path class=\"elementor-shape-fill\" style=\"opacity:0.25\" d=\"M2600 0L0 0 0 130.1 2600 69.1z\"\/>\n<\/svg>\t\t<\/div>\n\t\t\t\t<div class=\"elementor-element elementor-element-425b741 elementor-widget elementor-widget-heading\" data-id=\"425b741\" data-element_type=\"widget\" data-e-type=\"widget\" data-widget_type=\"heading.default\">\n\t\t\t\t<div class=\"elementor-widget-container\">\n\t\t\t\t\t<h1 class=\"elementor-heading-title elementor-size-default\">Souscription \u00e0 la newsletter Kidiwow<\/h1>\t\t\t\t<\/div>\n\t\t\t\t<\/div>\n\t\t\t\t\t<\/div>\n\t\t\t\t<\/div>\n\t\t<div class=\"elementor-element elementor-element-80f2cc6 e-flex e-con-boxed e-con e-parent\" data-id=\"80f2cc6\" data-element_type=\"container\" data-e-type=\"container\">\n\t\t\t\t\t<div class=\"e-con-inner\">\n\t\t\t\t<div class=\"elementor-element elementor-element-8d390c6 elementor-widget elementor-widget-text-editor\" data-id=\"8d390c6\" data-element_type=\"widget\" data-e-type=\"widget\" data-widget_type=\"text-editor.default\">\n\t\t\t\t<div class=\"elementor-widget-container\">\n\t\t\t\t\t\t\t\t\t<p>Recevez tous les mois dans votre bo\u00eete mail <strong>le meilleur des adresses family friendly<\/strong> pour vous aider \u00e0 planifier vos weekends, vos journ\u00e9es, vos soir\u00e9es et vos vacances avec vos enfants. Retrouvez toute <strong>l&#8217;actualit\u00e9 des adresses kids friendly de la capitale et d&#8217;Ile-de-France<\/strong>. Un restaurant \u00e0 d\u00e9couvrir, une activit\u00e9 incontournable ou un spectacle du moment \u00e0 ne pas rater&#8230; la ville n&#8217;aura plus de secret pour vous et vos minivous ! Pr\u00e9parez-vous \u00e0 savourer <strong>le meilleur de la ville en famille<\/strong> !\u00a0<\/p>\n\t\t\t\t\t\t\t\t<\/div>\n\t\t\t\t<\/div>\n\t\t<div class=\"elementor-element elementor-element-5e37e56 e-con-full e-flex e-con e-child\" data-id=\"5e37e56\" data-element_type=\"container\" data-e-type=\"container\">\n\t\t\t\t<div class=\"elementor-element elementor-element-4c03c33 elementor-widget elementor-widget-html\" data-id=\"4c03c33\" data-element_type=\"widget\" data-e-type=\"widget\" data-widget_type=\"html.default\">\n\t\t\t\t<div class=\"elementor-widget-container\">\n\t\t\t\t\t<iframe src=\"https:\/\/kidiwow.substack.com\/embed\" width=\"380\" height=\"310\" style=\"border:1px solid #EEE; background:white;\" frameborder=\"0\" scrolling=\"no\"><\/iframe>\t\t\t\t<\/div>\n\t\t\t\t<\/div>\n\t\t\t\t<\/div>\n\t\t\t\t\t<\/div>\n\t\t\t\t<\/div>\n\t\t\t\t<\/div>\n\t\t","protected":false},"excerpt":{"rendered":"<p>Souscription \u00e0 la newsletter Kidiwow Recevez tous les mois dans votre bo\u00eete mail le meilleur des adresses family friendly pour vous aider \u00e0 planifier vos weekends, vos journ\u00e9es, vos soir\u00e9es et vos vacances avec vos enfants. Retrouvez toute l&#8217;actualit\u00e9 des adresses kids friendly de la capitale et d&#8217;Ile-de-France. Un restaurant \u00e0 d\u00e9couvrir, une activit\u00e9 incontournable [&hellip;]<\/p>\n","protected":false},"author":1,"featured_media":0,"parent":0,"menu_order":0,"comment_status":"closed","ping_status":"closed","template":"","meta":{"_acf_changed":false,"_glsr_average":0,"_glsr_ranking":0,"_glsr_reviews":0,"footnotes":""},"class_list":["post-3151","page","type-page","status-publish","hentry"],"acf":[],"_links":{"self":[{"href":"https:\/\/www.kidiwow.com\/en\/wp-json\/wp\/v2\/pages\/3151","targetHints":{"allow":["GET"]}}],"collection":[{"href":"https:\/\/www.kidiwow.com\/en\/wp-json\/wp\/v2\/pages"}],"about":[{"href":"https:\/\/www.kidiwow.com\/en\/wp-json\/wp\/v2\/types\/page"}],"author":[{"embeddable":true,"href":"https:\/\/www.kidiwow.com\/en\/wp-json\/wp\/v2\/users\/1"}],"replies":[{"embeddable":true,"href":"https:\/\/www.kidiwow.com\/en\/wp-json\/wp\/v2\/comments?post=3151"}],"version-history":[{"count":6,"href":"https:\/\/www.kidiwow.com\/en\/wp-json\/wp\/v2\/pages\/3151\/revisions"}],"predecessor-version":[{"id":4686,"href":"https:\/\/www.kidiwow.com\/en\/wp-json\/wp\/v2\/pages\/3151\/revisions\/4686"}],"wp:attachment":[{"href":"https:\/\/www.kidiwow.com\/en\/wp-json\/wp\/v2\/media?parent=3151"}],"curies":[{"name":"wp","href":"https:\/\/api.w.org\/{rel}","templated":true}]}}