{"id":3172,"date":"2024-06-11T15:39:35","date_gmt":"2024-06-11T13:39:35","guid":{"rendered":"https:\/\/www.kidiwow.com\/recommendation\/"},"modified":"2024-07-11T11:43:12","modified_gmt":"2024-07-11T09:43:12","slug":"recommendation","status":"publish","type":"page","link":"https:\/\/www.kidiwow.com\/en\/recommendation\/","title":{"rendered":"Recommendation"},"content":{"rendered":"\t\t<div data-elementor-type=\"wp-page\" data-elementor-id=\"3172\" class=\"elementor elementor-3172 elementor-2446\" data-elementor-post-type=\"page\">\n\t\t\t\t<div class=\"elementor-element elementor-element-1830bfb1 e-flex e-con-boxed e-con e-parent\" data-id=\"1830bfb1\" data-element_type=\"container\" data-e-type=\"container\">\n\t\t\t\t\t<div class=\"e-con-inner\">\n\t\t\t\t<div class=\"elementor-element elementor-element-c4e21ea elementor-widget elementor-widget-heading\" data-id=\"c4e21ea\" data-element_type=\"widget\" data-e-type=\"widget\" data-widget_type=\"heading.default\">\n\t\t\t\t<div class=\"elementor-widget-container\">\n\t\t\t\t\t<h2 class=\"elementor-heading-title elementor-size-default\">Recommendation<\/h2>\t\t\t\t<\/div>\n\t\t\t\t<\/div>\n\t\t\t\t\t<\/div>\n\t\t\t\t<\/div>\n\t\t<div class=\"elementor-element elementor-element-3f2c5cc e-flex e-con-boxed e-con e-parent\" data-id=\"3f2c5cc\" data-element_type=\"container\" data-e-type=\"container\">\n\t\t\t\t\t<div class=\"e-con-inner\">\n\t\t\t\t<div class=\"elementor-element elementor-element-754fb9a elementor-widget elementor-widget-wpforms\" data-id=\"754fb9a\" data-element_type=\"widget\" data-e-type=\"widget\" data-widget_type=\"wpforms.default\">\n\t\t\t\t<div class=\"elementor-widget-container\">\n\t\t\t\t\t<div class=\"wpforms-container wpforms-container-full wpforms-render-modern\" id=\"wpforms-2427\"><form id=\"wpforms-form-2427\" class=\"wpforms-validate wpforms-form wpforms-ajax-form\" data-formid=\"2427\" method=\"post\" enctype=\"multipart\/form-data\" action=\"\/en\/wp-json\/wp\/v2\/pages\/3172\" data-token=\"0a4e24d31d62056552d66cb6da7fb802\" data-token-time=\"1777107431\"><noscript class=\"wpforms-error-noscript\">Please enable JavaScript in your browser to complete this form.<\/noscript><div id=\"wpforms-error-noscript\" style=\"display: none;\">Please enable JavaScript in your browser to complete this form.<\/div><div class=\"wpforms-field-container\"><div id=\"wpforms-2427-field_0-container\" class=\"wpforms-field wpforms-field-name\" data-field-id=\"0\"><label class=\"wpforms-field-label\" for=\"wpforms-2427-field_0\">First name <span class=\"wpforms-required-label\" aria-hidden=\"true\">*<\/span><\/label><input type=\"text\" id=\"wpforms-2427-field_0\" class=\"wpforms-field-medium wpforms-field-required\" name=\"wpforms[fields][0]\" aria-errormessage=\"wpforms-2427-field_0-error\" required><\/div><div id=\"wpforms-2427-field_1-container\" class=\"wpforms-field wpforms-field-email\" data-field-id=\"1\"><label class=\"wpforms-field-label\" for=\"wpforms-2427-field_1\">E-mail <span class=\"wpforms-required-label\" aria-hidden=\"true\">*<\/span><\/label><input type=\"email\" id=\"wpforms-2427-field_1\" class=\"wpforms-field-medium wpforms-field-required\" name=\"wpforms[fields][1]\" spellcheck=\"false\" aria-errormessage=\"wpforms-2427-field_1-error\" required><\/div><div id=\"wpforms-2427-field_3-container\" class=\"wpforms-field wpforms-field-select wpforms-field-select-style-classic\" data-field-id=\"3\"><label class=\"wpforms-field-label\" for=\"wpforms-2427-field_3\">I wish to recommend <span class=\"wpforms-required-label\" aria-hidden=\"true\">*<\/span><\/label><select id=\"wpforms-2427-field_3\" class=\"wpforms-field-medium wpforms-field-required\" name=\"wpforms[fields][3]\" required=\"required\"><option value=\"A restaurant\"  class=\"choice-1 depth-1\"  >A restaurant<\/option><option value=\"A caf\u00e9\"  class=\"choice-2 depth-1\"  >A caf\u00e9<\/option><option value=\"An activity\"  class=\"choice-3 depth-1\"  >An activity<\/option><option value=\"Other\"  class=\"choice-4 depth-1\"  >Other<\/option><\/select><div id=\"wpforms-2427-field_3-description\" class=\"wpforms-field-description\">Please choose the type of place you wish to recommend<\/div><\/div><div id=\"wpforms-2427-field_4-container\" class=\"wpforms-field wpforms-field-name\" data-field-id=\"4\"><label class=\"wpforms-field-label\" for=\"wpforms-2427-field_4\">Place name <span class=\"wpforms-required-label\" aria-hidden=\"true\">*<\/span><\/label><input type=\"text\" id=\"wpforms-2427-field_4\" class=\"wpforms-field-medium wpforms-field-required\" name=\"wpforms[fields][4]\" aria-errormessage=\"wpforms-2427-field_4-error\" required><\/div><div id=\"wpforms-2427-field_2-container\" class=\"wpforms-field wpforms-field-textarea\" data-field-id=\"2\"><label class=\"wpforms-field-label\" for=\"wpforms-2427-field_2\">Your message<\/label><textarea id=\"wpforms-2427-field_2\" class=\"wpforms-field-medium\" name=\"wpforms[fields][2]\" aria-errormessage=\"wpforms-2427-field_2-error\" aria-describedby=\"wpforms-2427-field_2-description\" ><\/textarea><div id=\"wpforms-2427-field_2-description\" class=\"wpforms-field-description\">Please specify, if possible, why you want to recommend this particular place of activity ? (Any specific equipments ? a dedicated welcome for kids ? is it a kids friendly activity, and why ?) If you have a specific contact to share with us about this place, please do so \ud83d\ude09<\/div><\/div><\/div><!-- .wpforms-field-container --><div class=\"wpforms-recaptcha-container wpforms-is-recaptcha wpforms-is-recaptcha-type-v2\" ><div class=\"g-recaptcha\" data-sitekey=\"6LeelAUqAAAAAAh4GP1O6S17_G2tR1mgiWOCN3nC\"><\/div><input type=\"text\" name=\"g-recaptcha-hidden\" class=\"wpforms-recaptcha-hidden\" style=\"position:absolute!important;clip:rect(0,0,0,0)!important;height:1px!important;width:1px!important;border:0!important;overflow:hidden!important;padding:0!important;margin:0!important;\" data-rule-recaptcha=\"1\"><\/div><div class=\"wpforms-submit-container\" ><input type=\"hidden\" name=\"wpforms[id]\" value=\"2427\"><input type=\"hidden\" name=\"page_title\" value=\"\"><input type=\"hidden\" name=\"page_url\" value=\"https:\/\/www.kidiwow.com\/en\/wp-json\/wp\/v2\/pages\/3172\"><input type=\"hidden\" name=\"url_referer\" value=\"\"><button type=\"submit\" name=\"wpforms[submit]\" id=\"wpforms-submit-2427\" class=\"wpforms-submit\" data-alt-text=\"Sending...\" data-submit-text=\"Send\" aria-live=\"assertive\" value=\"wpforms-submit\">Send<\/button><img decoding=\"async\" src=\"https:\/\/www.kidiwow.com\/wp-content\/plugins\/wpforms-lite\/assets\/images\/submit-spin.svg\" class=\"wpforms-submit-spinner\" style=\"display: none;\" width=\"26\" height=\"26\" alt=\"Loading\"><\/div><\/form><\/div>  <!-- .wpforms-container -->\t\t\t\t<\/div>\n\t\t\t\t<\/div>\n\t\t\t\t\t<\/div>\n\t\t\t\t<\/div>\n\t\t\t\t<\/div>\n\t\t","protected":false},"excerpt":{"rendered":"<p>Recommendation Veuillez activer JavaScript dans votre navigateur pour remplir ce formulaire.Veuillez activer JavaScript dans votre navigateur pour remplir ce formulaire.Pr\u00e9nom *E-mail *Je souhaite recommander *Un restaurantUn caf\u00e9Une activit\u00e9AutreMerci de s\u00e9lectionner le type d&#8217;\u00e9tablissement que vous souhaitez recommanderNom de l&#039;\u00e9tablissement *Votre messageMerci de pr\u00e9ciser, si vous le souhaitez, pourquoi vous voulez recommander cet \u00e9tablissement (est-ce qu&#8217;il [&hellip;]<\/p>\n","protected":false},"author":1,"featured_media":0,"parent":0,"menu_order":0,"comment_status":"closed","ping_status":"closed","template":"","meta":{"_acf_changed":false,"_glsr_average":0,"_glsr_ranking":0,"_glsr_reviews":0,"footnotes":""},"class_list":["post-3172","page","type-page","status-publish","hentry"],"acf":[],"_links":{"self":[{"href":"https:\/\/www.kidiwow.com\/en\/wp-json\/wp\/v2\/pages\/3172","targetHints":{"allow":["GET"]}}],"collection":[{"href":"https:\/\/www.kidiwow.com\/en\/wp-json\/wp\/v2\/pages"}],"about":[{"href":"https:\/\/www.kidiwow.com\/en\/wp-json\/wp\/v2\/types\/page"}],"author":[{"embeddable":true,"href":"https:\/\/www.kidiwow.com\/en\/wp-json\/wp\/v2\/users\/1"}],"replies":[{"embeddable":true,"href":"https:\/\/www.kidiwow.com\/en\/wp-json\/wp\/v2\/comments?post=3172"}],"version-history":[{"count":1,"href":"https:\/\/www.kidiwow.com\/en\/wp-json\/wp\/v2\/pages\/3172\/revisions"}],"predecessor-version":[{"id":3173,"href":"https:\/\/www.kidiwow.com\/en\/wp-json\/wp\/v2\/pages\/3172\/revisions\/3173"}],"wp:attachment":[{"href":"https:\/\/www.kidiwow.com\/en\/wp-json\/wp\/v2\/media?parent=3172"}],"curies":[{"name":"wp","href":"https:\/\/api.w.org\/{rel}","templated":true}]}}