{"id":3805,"date":"2024-08-04T15:36:49","date_gmt":"2024-08-04T13:36:49","guid":{"rendered":"https:\/\/www.kidiwow.com\/birthday-family-events\/"},"modified":"2024-08-13T15:22:40","modified_gmt":"2024-08-13T13:22:40","slug":"birthday-family-events","status":"publish","type":"page","link":"https:\/\/www.kidiwow.com\/en\/birthday-family-events\/","title":{"rendered":"Birthday, family events"},"content":{"rendered":"\t\t<div data-elementor-type=\"wp-page\" data-elementor-id=\"3805\" class=\"elementor elementor-3805 elementor-3386\" data-elementor-post-type=\"page\">\n\t\t\t\t<div class=\"elementor-element elementor-element-7476b2e e-flex e-con-boxed e-con e-parent\" data-id=\"7476b2e\" data-element_type=\"container\" data-e-type=\"container\" data-settings=\"{&quot;background_background&quot;:&quot;slideshow&quot;,&quot;background_slideshow_gallery&quot;:[{&quot;id&quot;:3676,&quot;url&quot;:&quot;https:\\\/\\\/www.kidiwow.com\\\/wp-content\\\/uploads\\\/2024\\\/08\\\/Restaurant-anniversaire-famille-1.png&quot;}],&quot;shape_divider_bottom&quot;:&quot;opacity-tilt&quot;,&quot;background_slideshow_loop&quot;:&quot;yes&quot;,&quot;background_slideshow_slide_duration&quot;:5000,&quot;background_slideshow_slide_transition&quot;:&quot;fade&quot;,&quot;background_slideshow_transition_duration&quot;:500}\">\n\t\t\t\t\t<div class=\"e-con-inner\">\n\t\t\t\t<div class=\"elementor-shape elementor-shape-bottom\" aria-hidden=\"true\" data-negative=\"false\">\n\t\t\t<svg xmlns=\"http:\/\/www.w3.org\/2000\/svg\" viewBox=\"0 0 2600 131.1\" preserveAspectRatio=\"none\">\n\t<path class=\"elementor-shape-fill\" d=\"M0 0L2600 0 2600 69.1 0 0z\"\/>\n\t<path class=\"elementor-shape-fill\" style=\"opacity:0.5\" d=\"M0 0L2600 0 2600 69.1 0 69.1z\"\/>\n\t<path class=\"elementor-shape-fill\" style=\"opacity:0.25\" d=\"M2600 0L0 0 0 130.1 2600 69.1z\"\/>\n<\/svg>\t\t<\/div>\n\t\t\t\t<div class=\"elementor-element elementor-element-89ae079 elementor-widget elementor-widget-heading\" data-id=\"89ae079\" data-element_type=\"widget\" data-e-type=\"widget\" data-widget_type=\"heading.default\">\n\t\t\t\t<div class=\"elementor-widget-container\">\n\t\t\t\t\t<h2 class=\"elementor-heading-title elementor-size-default\">Celebrate your birthdays, those of your children and loved ones as it should be!<\/h2>\t\t\t\t<\/div>\n\t\t\t\t<\/div>\n\t\t\t\t\t<\/div>\n\t\t\t\t<\/div>\n\t\t<div class=\"elementor-element elementor-element-67d2ac2 e-flex e-con-boxed e-con e-parent\" data-id=\"67d2ac2\" data-element_type=\"container\" data-e-type=\"container\">\n\t\t\t\t\t<div class=\"e-con-inner\">\n\t\t\t\t<div class=\"elementor-element elementor-element-2338fb3 elementor-widget elementor-widget-heading\" data-id=\"2338fb3\" data-element_type=\"widget\" data-e-type=\"widget\" data-widget_type=\"heading.default\">\n\t\t\t\t<div class=\"elementor-widget-container\">\n\t\t\t\t\t<h2 class=\"elementor-heading-title elementor-size-default\">Plan an unforgettable birthday in Paris<\/h2>\t\t\t\t<\/div>\n\t\t\t\t<\/div>\n\t\t\t\t<div class=\"elementor-element elementor-element-1d7648f elementor-widget elementor-widget-text-editor\" data-id=\"1d7648f\" data-element_type=\"widget\" data-e-type=\"widget\" data-widget_type=\"text-editor.default\">\n\t\t\t\t<div class=\"elementor-widget-container\">\n\t\t\t\t\t\t\t\t\t<p>Kidiwow vous accompagne dans la <strong>r\u00e9ussite de vos \u00e9v\u00e9nements de famille<\/strong> et vous permet de privatiser des espaces de restaurants pour l&#8217;occasion !<\/p>\n<p>Simply tell us your <strong>special wishes and constraints<\/strong> below, and receive a <strong>quote<\/strong> from our partner restaurants!<\/p>\n\t\t\t\t\t\t\t\t<\/div>\n\t\t\t\t<\/div>\n\t\t\t\t<div class=\"elementor-element elementor-element-ca6eb6d elementor-widget elementor-widget-heading\" data-id=\"ca6eb6d\" data-element_type=\"widget\" data-e-type=\"widget\" data-widget_type=\"heading.default\">\n\t\t\t\t<div class=\"elementor-widget-container\">\n\t\t\t\t\t<h2 class=\"elementor-heading-title elementor-size-default\">Quotation request<\/h2>\t\t\t\t<\/div>\n\t\t\t\t<\/div>\n\t\t\t\t<div class=\"elementor-element elementor-element-b9c09c3 elementor-widget elementor-widget-wpforms\" data-id=\"b9c09c3\" data-element_type=\"widget\" data-e-type=\"widget\" data-widget_type=\"wpforms.default\">\n\t\t\t\t<div class=\"elementor-widget-container\">\n\t\t\t\t\t<div class=\"wpforms-container wpforms-container-full wpforms-render-modern\" id=\"wpforms-3691\"><form id=\"wpforms-form-3691\" class=\"wpforms-validate wpforms-form wpforms-ajax-form\" data-formid=\"3691\" method=\"post\" enctype=\"multipart\/form-data\" action=\"\/en\/wp-json\/wp\/v2\/pages\/3805\" data-token=\"64281cefb96818afc537da2cf25aab7c\" data-token-time=\"1776959797\"><noscript class=\"wpforms-error-noscript\">Please enable JavaScript in your browser to complete this form.<\/noscript><div id=\"wpforms-error-noscript\" style=\"display: none;\">Please enable JavaScript in your browser to complete this form.<\/div><div class=\"wpforms-field-container\"><div id=\"wpforms-3691-field_0-container\" class=\"wpforms-field wpforms-field-name\" data-field-id=\"0\"><fieldset><legend class=\"wpforms-field-label\">Last name <span class=\"wpforms-required-label\" aria-hidden=\"true\">*<\/span><\/legend><div class=\"wpforms-field-row wpforms-field-medium\"><div class=\"wpforms-field-row-block wpforms-first wpforms-one-half\"><input type=\"text\" id=\"wpforms-3691-field_0\" class=\"wpforms-field-name-first wpforms-field-required\" name=\"wpforms[fields][0][first]\" aria-errormessage=\"wpforms-3691-field_0-error\" required><label for=\"wpforms-3691-field_0\" class=\"wpforms-field-sublabel after\">First name<\/label><\/div><div class=\"wpforms-field-row-block wpforms-one-half\"><input type=\"text\" id=\"wpforms-3691-field_0-last\" class=\"wpforms-field-name-last wpforms-field-required\" name=\"wpforms[fields][0][last]\" aria-errormessage=\"wpforms-3691-field_0-last-error\" required><label for=\"wpforms-3691-field_0-last\" class=\"wpforms-field-sublabel after\">Last name<\/label><\/div><\/div><\/fieldset><\/div><div id=\"wpforms-3691-field_1-container\" class=\"wpforms-field wpforms-field-email\" data-field-id=\"1\"><label class=\"wpforms-field-label\" for=\"wpforms-3691-field_1\">Email <span class=\"wpforms-required-label\" aria-hidden=\"true\">*<\/span><\/label><input type=\"email\" id=\"wpforms-3691-field_1\" class=\"wpforms-field-medium wpforms-field-required\" name=\"wpforms[fields][1]\" spellcheck=\"false\" aria-errormessage=\"wpforms-3691-field_1-error\" required><\/div><div id=\"wpforms-3691-field_8-container\" class=\"wpforms-field wpforms-field-text\" data-field-id=\"8\"><label class=\"wpforms-field-label\" for=\"wpforms-3691-field_8\">Phone number<\/label><input type=\"text\" id=\"wpforms-3691-field_8\" class=\"wpforms-field-medium\" name=\"wpforms[fields][8]\" aria-errormessage=\"wpforms-3691-field_8-error\" ><\/div><div id=\"wpforms-3691-field_3-container\" class=\"wpforms-field wpforms-field-text\" data-field-id=\"3\"><label class=\"wpforms-field-label\" for=\"wpforms-3691-field_3\">Requested date <span class=\"wpforms-required-label\" aria-hidden=\"true\">*<\/span><\/label><input type=\"text\" id=\"wpforms-3691-field_3\" class=\"wpforms-field-medium wpforms-field-required\" name=\"wpforms[fields][3]\" aria-errormessage=\"wpforms-3691-field_3-error\" aria-describedby=\"wpforms-3691-field_3-description\" required><div id=\"wpforms-3691-field_3-description\" class=\"wpforms-field-description\">DD\/MM\/YYYY<\/div><\/div><div id=\"wpforms-3691-field_4-container\" class=\"wpforms-field wpforms-field-text\" data-field-id=\"4\"><label class=\"wpforms-field-label\" for=\"wpforms-3691-field_4\">Desired start date and time <span class=\"wpforms-required-label\" aria-hidden=\"true\">*<\/span><\/label><input type=\"text\" id=\"wpforms-3691-field_4\" class=\"wpforms-field-medium wpforms-field-required\" name=\"wpforms[fields][4]\" aria-errormessage=\"wpforms-3691-field_4-error\" aria-describedby=\"wpforms-3691-field_4-description\" required><div id=\"wpforms-3691-field_4-description\" class=\"wpforms-field-description\">HH:MM<\/div><\/div><div id=\"wpforms-3691-field_5-container\" class=\"wpforms-field wpforms-field-number\" data-field-id=\"5\"><label class=\"wpforms-field-label\" for=\"wpforms-3691-field_5\">Number of participants <span class=\"wpforms-required-label\" aria-hidden=\"true\">*<\/span><\/label><input type=\"number\" id=\"wpforms-3691-field_5\" class=\"wpforms-field-medium wpforms-field-required\" name=\"wpforms[fields][5]\" step=\"any\" aria-errormessage=\"wpforms-3691-field_5-error\" required><\/div><div id=\"wpforms-3691-field_7-container\" class=\"wpforms-field wpforms-field-text\" data-field-id=\"7\"><label class=\"wpforms-field-label\" for=\"wpforms-3691-field_7\">Approximate budget (EUR) per person or total for the event <span class=\"wpforms-required-label\" aria-hidden=\"true\">*<\/span><\/label><input type=\"text\" id=\"wpforms-3691-field_7\" class=\"wpforms-field-medium wpforms-field-required\" name=\"wpforms[fields][7]\" aria-errormessage=\"wpforms-3691-field_7-error\" aria-describedby=\"wpforms-3691-field_7-description\" required><div id=\"wpforms-3691-field_7-description\" class=\"wpforms-field-description\">This gives us an idea to be able to best meet your expectations, if you do not know, simply indicate IDK.<\/div><\/div><div id=\"wpforms-3691-field_2-container\" class=\"wpforms-field wpforms-field-textarea\" data-field-id=\"2\"><label class=\"wpforms-field-label\" for=\"wpforms-3691-field_2\">Message  <span class=\"wpforms-required-label\" aria-hidden=\"true\">*<\/span><\/label><textarea id=\"wpforms-3691-field_2\" class=\"wpforms-field-medium wpforms-field-required\" name=\"wpforms[fields][2]\" aria-errormessage=\"wpforms-3691-field_2-error\" aria-describedby=\"wpforms-3691-field_2-description\" required><\/textarea><div id=\"wpforms-3691-field_2-description\" class=\"wpforms-field-description\">Please specify the type of event, if you have any special wishes in terms of service, establishment and so on.<\/div><\/div><\/div><!-- .wpforms-field-container --><div class=\"wpforms-recaptcha-container wpforms-is-recaptcha wpforms-is-recaptcha-type-v2\" ><div class=\"g-recaptcha\" data-sitekey=\"6LeelAUqAAAAAAh4GP1O6S17_G2tR1mgiWOCN3nC\"><\/div><input type=\"text\" name=\"g-recaptcha-hidden\" class=\"wpforms-recaptcha-hidden\" style=\"position:absolute!important;clip:rect(0,0,0,0)!important;height:1px!important;width:1px!important;border:0!important;overflow:hidden!important;padding:0!important;margin:0!important;\" data-rule-recaptcha=\"1\"><\/div><div class=\"wpforms-submit-container\" ><input type=\"hidden\" name=\"wpforms[id]\" value=\"3691\"><input type=\"hidden\" name=\"page_title\" value=\"\"><input type=\"hidden\" name=\"page_url\" value=\"https:\/\/www.kidiwow.com\/en\/wp-json\/wp\/v2\/pages\/3805\"><input type=\"hidden\" name=\"url_referer\" value=\"\"><button type=\"submit\" name=\"wpforms[submit]\" id=\"wpforms-submit-3691\" class=\"wpforms-submit\" data-alt-text=\"Sending...\" data-submit-text=\"Send\" aria-live=\"assertive\" value=\"wpforms-submit\">Send<\/button><img decoding=\"async\" src=\"https:\/\/www.kidiwow.com\/wp-content\/plugins\/wpforms-lite\/assets\/images\/submit-spin.svg\" class=\"wpforms-submit-spinner\" style=\"display: none;\" width=\"26\" height=\"26\" alt=\"Loading\"><\/div><\/form><\/div>  <!-- .wpforms-container -->\t\t\t\t<\/div>\n\t\t\t\t<\/div>\n\t\t\t\t\t<\/div>\n\t\t\t\t<\/div>\n\t\t\t\t<\/div>\n\t\t","protected":false},"excerpt":{"rendered":"<p>Celebrate your birthdays, those of your children and loved ones as it should be! Plan an unforgettable birthday in Paris Kidiwow vous accompagne dans la r\u00e9ussite de vos \u00e9v\u00e9nements de famille et vous permet de privatiser des espaces de restaurants pour l&#8217;occasion ! Simply tell us your special wishes and constraints below, and receive a [&hellip;]<\/p>\n","protected":false},"author":1,"featured_media":0,"parent":0,"menu_order":0,"comment_status":"closed","ping_status":"closed","template":"","meta":{"_acf_changed":false,"_glsr_average":0,"_glsr_ranking":0,"_glsr_reviews":0,"footnotes":""},"class_list":["post-3805","page","type-page","status-publish","hentry"],"acf":[],"_links":{"self":[{"href":"https:\/\/www.kidiwow.com\/en\/wp-json\/wp\/v2\/pages\/3805","targetHints":{"allow":["GET"]}}],"collection":[{"href":"https:\/\/www.kidiwow.com\/en\/wp-json\/wp\/v2\/pages"}],"about":[{"href":"https:\/\/www.kidiwow.com\/en\/wp-json\/wp\/v2\/types\/page"}],"author":[{"embeddable":true,"href":"https:\/\/www.kidiwow.com\/en\/wp-json\/wp\/v2\/users\/1"}],"replies":[{"embeddable":true,"href":"https:\/\/www.kidiwow.com\/en\/wp-json\/wp\/v2\/comments?post=3805"}],"version-history":[{"count":3,"href":"https:\/\/www.kidiwow.com\/en\/wp-json\/wp\/v2\/pages\/3805\/revisions"}],"predecessor-version":[{"id":4692,"href":"https:\/\/www.kidiwow.com\/en\/wp-json\/wp\/v2\/pages\/3805\/revisions\/4692"}],"wp:attachment":[{"href":"https:\/\/www.kidiwow.com\/en\/wp-json\/wp\/v2\/media?parent=3805"}],"curies":[{"name":"wp","href":"https:\/\/api.w.org\/{rel}","templated":true}]}}